{"id":929,"date":"2023-10-02T06:21:13","date_gmt":"2023-10-02T06:21:13","guid":{"rendered":"http:\/\/www.auxcostumesdantan.fr\/?page_id=929"},"modified":"2024-04-10T21:28:27","modified_gmt":"2024-04-10T21:28:27","slug":"accessoires-chapeaux","status":"publish","type":"page","link":"http:\/\/www.auxcostumesdantan.fr\/?page_id=929","title":{"rendered":"accessoires chapeaux"},"content":{"rendered":"\n\n\n&nbsp;Feutre noir\n\n01 ACH Feutre noir<br>\n<font style=\"vertical-align: inherit;\"><font style=\"vertical-align: inherit;\"> Prix 10\u20ac<\/font><\/font>\n\n\nHaut de forme gris Laurent\n\n02 ACH Haut de forme velour gris\nPrix 15\u20ac\n\n\nLe roi\n\n03 ACH Couronne\n<p>Prix 10\u20ac<\/p>\n\n\nLe chapelier\n\n<p>04 ACH Chapeau haut de forme<\/p>\nPrix 10\u20ac&nbsp;\n\n\n\n\nLe canotier\n\n<p>05 ACH Canotier paille<\/p>\nPRIX 5\u20ac&nbsp;\n\n\nTricorne noir\n\n<p>06 ACH Tricorne en feutre noir<\/p>\nPrix 10\u20ac&nbsp;\n\n\nLe canotier paill\u00e9\n\n<p>07 ACH Canotier en paille naturelle<\/p>\nPrix 10\u20ac&nbsp;\n\n\nLe borsalino\n\n<p>08 ACH Borsalino bleu marine bande bleue<\/p>\nPrix 10\u20ac\n\n\n\n\nLe cowboy\n\n<p>09 ACH Chapeau enfant<\/p>\nPrix 5\u20ac&nbsp;\n\n\nHaut de forme en feutre\n\n<p>10 ACH Haut de forme en feutre noir<\/p>\n<p>Prix 5\u20ac<\/p>\n\n\nLe haut satin\u00e9\n\n<p>11 ACH Haut de forme satin\u00e9 noir<\/p>\nPrix 15\u20ac&nbsp;\n\n\n\n\n\n\nGalette frois\u00e9e \u00e0 plumes\n\n01 ACF Chapeau tulle froiss\u00e9\nPrix 10\u20ac<\/p>\n\n\nChapeau blanc Aur\u00e9lie\n\n02 ACF Chapeau paille blanc perles et plumes\n<p>Prix 10\u20ac<\/p>\n\n\nChapeau blanc L\u00e9a\n\n<p>03 ACF Chapeau paille blanc voilage, plumes et tissu bleu<\/p>\nPrix 10\u20ac&nbsp;\n\n\nChapeau beige Elodie\n\n<p>04 ACF Chapeau paille foulard marron<\/p>\nPrix 10 \u20ac&nbsp;\n\n\n\n\nFeutre rond vert\n\n<p>05 ACF Feutre rond vert fonc\u00e9 avec plumes<\/p>\nPrix 10\u20ac&nbsp;\n\n\nLe tournesol\n\n<p>05 ACF Chapeau recouvert tissu marron clair + un tournesol<\/p>\nPrix 10\u20ac&nbsp;\n\n\nLa simplicit\u00e9\n\n<p>07 ACF Chapeau paille beige avec fleurs tissus<\/p>\nPrix 10\u20ac&nbsp;\n\n\nTricorne\n\n<p>08 ACF Tricorne noire et rouge<\/p>\nPrix 10\u20ac&nbsp;\n\n\n\n\nLa capeline\n\n<p>09 ACF Capeline blanche satin\u00e9e<\/p>\nPrix 15\u20ac&nbsp;\n\n\nHaut de forme blanc\n\n<p>10 ACF Haut de forme satin\u00e9 blanc<\/p>\nPrix 15\u20ac&nbsp;\n\n\nBibi satin\u00e9 blanc\n\n<p>11 ACF Bibi blanc satin\u00e9 avec ruban<\/p>\nPrix 15\u20ac&nbsp;\n\n\nBreret \u00e9cru\n\n<p>12 ACF B\u00e9ret \u00e9cru en laine feutr\u00e9e<\/p>\nPrix 5\u20ac&nbsp;\n\n\n\n\nBonnet de bapt\u00eame\n\n<p>13 ACF Bonnet bapt\u00eame en dentelle<\/p>\nPrix 10\u20ac&nbsp;\n\n\nLe bouchonn\u00e9\n\n<p>14 ACF Chapeau cloche chiffonn\u00e9<\/p>\n<p>Prix 10\u20ac<\/p>\n\n\nLa capeline noire\n\n<p>15 ACF Capeline en feutre noir<\/p>\nPrix 10\u20ac&nbsp;\n\n\nCapeline Yvonne\n\n<p>16 ACF Capeline de paille recouverte de tissu<\/p>\n<p>Prix 10\u20ac&nbsp;<\/p>&nbsp;\n\n\n\n\nLa voilette\n\n<p>17 ACF chapeau blanc avec voilette<\/p>\nPrix 10\u20ac&nbsp;\n\n\nCapeline blanche\n\n<p>18 ACF Capeline ajour\u00e9e blanche<\/p>\nPrix 10\u20ac&nbsp;\n\n\nLe rosier\n\n<p>19 ACF Chapeau paille avec roses en bois<\/p>\nPrix 10\u20ac&nbsp;\n\n\nchapeau fourrure rouge\n\n<p>20 ACF Chapeau feutre rouge et fourrure<\/p>\nPrix 10\u20ac&nbsp;\n\n\n\n\nLa galette fleurie\n\n21 ACF Galette de tulle avec fleurs\n<p>Prix 10\u20ac<\/p>\n\n\nBibi avec voilette\n\n<p>22 ACF Bibi de paille blanc avec voilette<\/p>\nPrix 10\u20ac&nbsp;\n\n\nBibi naturel\n\n<p>23 ACF Bibi en paille couleur \u00e9cru<\/p>\n&nbsp;Prix 10\u20ac\n\n\nBibi satin\u00e9 fleurie\n\n<p>24 ACF Bibi satin\u00e9 blanc tulle et fleurs&nbsp;<\/p>\nPrix 10\u20ac&nbsp;\n\n\n","protected":false},"excerpt":{"rendered":"","protected":false},"author":3,"featured_media":0,"parent":0,"menu_order":0,"comment_status":"closed","ping_status":"closed","template":"","meta":{"footnotes":""},"class_list":["post-929","page","type-page","status-publish","hentry"],"_links":{"self":[{"href":"http:\/\/www.auxcostumesdantan.fr\/index.php?rest_route=\/wp\/v2\/pages\/929","targetHints":{"allow":["GET"]}}],"collection":[{"href":"http:\/\/www.auxcostumesdantan.fr\/index.php?rest_route=\/wp\/v2\/pages"}],"about":[{"href":"http:\/\/www.auxcostumesdantan.fr\/index.php?rest_route=\/wp\/v2\/types\/page"}],"author":[{"embeddable":true,"href":"http:\/\/www.auxcostumesdantan.fr\/index.php?rest_route=\/wp\/v2\/users\/3"}],"replies":[{"embeddable":true,"href":"http:\/\/www.auxcostumesdantan.fr\/index.php?rest_route=%2Fwp%2Fv2%2Fcomments&post=929"}],"version-history":[{"count":12,"href":"http:\/\/www.auxcostumesdantan.fr\/index.php?rest_route=\/wp\/v2\/pages\/929\/revisions"}],"predecessor-version":[{"id":1340,"href":"http:\/\/www.auxcostumesdantan.fr\/index.php?rest_route=\/wp\/v2\/pages\/929\/revisions\/1340"}],"wp:attachment":[{"href":"http:\/\/www.auxcostumesdantan.fr\/index.php?rest_route=%2Fwp%2Fv2%2Fmedia&parent=929"}],"curies":[{"name":"wp","href":"https:\/\/api.w.org\/{rel}","templated":true}]}}